{"id":1371,"date":"2024-01-17T03:18:35","date_gmt":"2024-01-17T03:18:35","guid":{"rendered":"https:\/\/themejunction.net\/wp\/beauly\/?page_id=1371"},"modified":"2024-08-31T13:55:37","modified_gmt":"2024-08-31T16:55:37","slug":"imoveis","status":"publish","type":"page","link":"https:\/\/neoabc.com.br\/novo-site\/imoveis\/","title":{"rendered":"Im\u00f3veis"},"content":{"rendered":"\t\t<div data-elementor-type=\"wp-page\" data-elementor-id=\"1371\" class=\"elementor elementor-1371\">\n\t\t\t\t<div class=\"elementor-element elementor-element-58b9b6a e-flex e-con-boxed e-con e-parent\" data-id=\"58b9b6a\" data-element_type=\"container\" data-e-type=\"container\">\n\t\t\t\t\t<div class=\"e-con-inner\">\n\t\t\t\t<div class=\"elementor-element elementor-element-628f067 elementor-widget elementor-widget-tj-apartments\" data-id=\"628f067\" data-element_type=\"widget\" data-e-type=\"widget\" data-widget_type=\"tj-apartments.default\">\n\t\t\t\t<div class=\"elementor-widget-container\">\n\t\t\t\t\t\r\n<div class=\"project-filter-section tj_apartment\">\r\n  <div class=\"row\">\r\n    <div class=\"col-12\">\r\n\r\n      \r\n\r\n              <div class=\"row project-filter-items\">\r\n\r\n                      <div class=\"col-lg-4 col-md-6 single-item avulsos lotes venda bananeiras wow fadeInUp\" data-wow-delay=\"0.3s\">\r\n              <div class=\"project-item\">\r\n\r\n                \r\n                                  <div class=\"project-thumb w-img\">\r\n                    <a href=\"https:\/\/neoabc.com.br\/novo-site\/apartments\/lote-reserva_atlantico\/\"><img fetchpriority=\"high\" decoding=\"async\" width=\"512\" height=\"512\" src=\"https:\/\/neoabc.com.br\/novo-site\/wp-content\/uploads\/2024\/10\/cropped-logo-fundo-azul.jpg\" class=\"attachment-full size-full wp-post-image\" alt=\"\" srcset=\"https:\/\/neoabc.com.br\/novo-site\/wp-content\/uploads\/2024\/10\/cropped-logo-fundo-azul.jpg 512w, https:\/\/neoabc.com.br\/novo-site\/wp-content\/uploads\/2024\/10\/cropped-logo-fundo-azul-300x300.jpg 300w, https:\/\/neoabc.com.br\/novo-site\/wp-content\/uploads\/2024\/10\/cropped-logo-fundo-azul-150x150.jpg 150w, https:\/\/neoabc.com.br\/novo-site\/wp-content\/uploads\/2024\/10\/cropped-logo-fundo-azul-270x270.jpg 270w, https:\/\/neoabc.com.br\/novo-site\/wp-content\/uploads\/2024\/10\/cropped-logo-fundo-azul-192x192.jpg 192w, https:\/\/neoabc.com.br\/novo-site\/wp-content\/uploads\/2024\/10\/cropped-logo-fundo-azul-180x180.jpg 180w, https:\/\/neoabc.com.br\/novo-site\/wp-content\/uploads\/2024\/10\/cropped-logo-fundo-azul-32x32.jpg 32w\" sizes=\"(max-width: 512px) 100vw, 512px\" \/><\/a>\r\n                  <\/div>\r\n                \r\n                <div class=\"project-content\">\r\n\r\n                  <h3 class=\"project-item-title\">\r\n                    <a href=\"https:\/\/neoabc.com.br\/novo-site\/apartments\/lote-reserva_atlantico\/\">Lote no Reserva do Atl\u00e2ntico<\/a>\r\n                  <\/h3>\r\n\r\n                  <ul class=\"project-list d-flex align-items-center\">\r\n\r\n                    \r\n                    \r\n                                          <li class=\"d-flex align-items-center\">\r\n                        <i class=\"flaticon-full-screen\"><\/i>\r\n                        <span>360m2<\/span>\r\n                      <\/li>\r\n                                      <\/ul>\r\n                <\/div>\r\n              <\/div>\r\n            <\/div>\r\n                      <div class=\"col-lg-4 col-md-6 single-item 2-quartos 3-quartos pronto-para-morar intermares wow fadeInUp\" data-wow-delay=\"0.3s\">\r\n              <div class=\"project-item\">\r\n\r\n                \r\n                                  <div class=\"project-thumb w-img\">\r\n                    <a href=\"https:\/\/neoabc.com.br\/novo-site\/apartments\/costero\/\"><img decoding=\"async\" width=\"600\" height=\"400\" src=\"https:\/\/neoabc.com.br\/novo-site\/wp-content\/uploads\/2024\/05\/SLIDECOSTERO-e1717664620252.jpg\" class=\"attachment-full size-full wp-post-image\" alt=\"\" \/><\/a>\r\n                  <\/div>\r\n                \r\n                <div class=\"project-content\">\r\n\r\n                  <h3 class=\"project-item-title\">\r\n                    <a href=\"https:\/\/neoabc.com.br\/novo-site\/apartments\/costero\/\">Costero pronto para morar<\/a>\r\n                  <\/h3>\r\n\r\n                  <ul class=\"project-list d-flex align-items-center\">\r\n\r\n                                          <li class=\"d-flex align-items-center\">\r\n                        <i class=\"flaticon-double-bed\"><\/i>\r\n                        <span>2 ou 3 <\/span>\r\n                      <\/li>\r\n                    \r\n                                          <li class=\"d-flex align-items-center\">\r\n                        <i class=\"flaticon-bathroom\"><\/i>\r\n                        <span>2<\/span>\r\n                      <\/li>\r\n                    \r\n                                          <li class=\"d-flex align-items-center\">\r\n                        <i class=\"flaticon-full-screen\"><\/i>\r\n                        <span>a partir de 77m2<\/span>\r\n                      <\/li>\r\n                                      <\/ul>\r\n                <\/div>\r\n              <\/div>\r\n            <\/div>\r\n                      <div class=\"col-lg-4 col-md-6 single-item 2-quartos 3-quartos altiplano wow fadeInUp\" data-wow-delay=\"0.3s\">\r\n              <div class=\"project-item\">\r\n\r\n                \r\n                                  <div class=\"project-thumb w-img\">\r\n                    <a href=\"https:\/\/neoabc.com.br\/novo-site\/apartments\/armorial\/\"><img decoding=\"async\" width=\"1080\" height=\"1350\" src=\"https:\/\/neoabc.com.br\/novo-site\/wp-content\/uploads\/2024\/01\/FB_IMG_1773365776066.jpg\" class=\"attachment-full size-full wp-post-image\" alt=\"\" srcset=\"https:\/\/neoabc.com.br\/novo-site\/wp-content\/uploads\/2024\/01\/FB_IMG_1773365776066.jpg 1080w, https:\/\/neoabc.com.br\/novo-site\/wp-content\/uploads\/2024\/01\/FB_IMG_1773365776066-240x300.jpg 240w, https:\/\/neoabc.com.br\/novo-site\/wp-content\/uploads\/2024\/01\/FB_IMG_1773365776066-819x1024.jpg 819w, https:\/\/neoabc.com.br\/novo-site\/wp-content\/uploads\/2024\/01\/FB_IMG_1773365776066-768x960.jpg 768w\" sizes=\"(max-width: 1080px) 100vw, 1080px\" \/><\/a>\r\n                  <\/div>\r\n                \r\n                <div class=\"project-content\">\r\n\r\n                  <h3 class=\"project-item-title\">\r\n                    <a href=\"https:\/\/neoabc.com.br\/novo-site\/apartments\/armorial\/\">Armorial<\/a>\r\n                  <\/h3>\r\n\r\n                  <ul class=\"project-list d-flex align-items-center\">\r\n\r\n                                          <li class=\"d-flex align-items-center\">\r\n                        <i class=\"flaticon-double-bed\"><\/i>\r\n                        <span>2<\/span>\r\n                      <\/li>\r\n                    \r\n                                          <li class=\"d-flex align-items-center\">\r\n                        <i class=\"flaticon-bathroom\"><\/i>\r\n                        <span>2<\/span>\r\n                      <\/li>\r\n                    \r\n                                          <li class=\"d-flex align-items-center\">\r\n                        <i class=\"flaticon-full-screen\"><\/i>\r\n                        <span>a partir de 64m2<\/span>\r\n                      <\/li>\r\n                                      <\/ul>\r\n                <\/div>\r\n              <\/div>\r\n            <\/div>\r\n                      <div class=\"col-lg-4 col-md-6 single-item 1-quarto lancamento bessa wow fadeInUp\" data-wow-delay=\"0.3s\">\r\n              <div class=\"project-item\">\r\n\r\n                \r\n                                  <div class=\"project-thumb w-img\">\r\n                    <a href=\"https:\/\/neoabc.com.br\/novo-site\/apartments\/bliss-bessa\/\"><img loading=\"lazy\" decoding=\"async\" width=\"2000\" height=\"1501\" src=\"https:\/\/neoabc.com.br\/novo-site\/wp-content\/uploads\/2024\/07\/FACHADA-02.jpg\" class=\"attachment-full size-full wp-post-image\" alt=\"\" srcset=\"https:\/\/neoabc.com.br\/novo-site\/wp-content\/uploads\/2024\/07\/FACHADA-02.jpg 2000w, https:\/\/neoabc.com.br\/novo-site\/wp-content\/uploads\/2024\/07\/FACHADA-02-300x225.jpg 300w, https:\/\/neoabc.com.br\/novo-site\/wp-content\/uploads\/2024\/07\/FACHADA-02-1024x769.jpg 1024w, https:\/\/neoabc.com.br\/novo-site\/wp-content\/uploads\/2024\/07\/FACHADA-02-768x576.jpg 768w, https:\/\/neoabc.com.br\/novo-site\/wp-content\/uploads\/2024\/07\/FACHADA-02-1536x1153.jpg 1536w\" sizes=\"(max-width: 2000px) 100vw, 2000px\" \/><\/a>\r\n                  <\/div>\r\n                \r\n                <div class=\"project-content\">\r\n\r\n                  <h3 class=\"project-item-title\">\r\n                    <a href=\"https:\/\/neoabc.com.br\/novo-site\/apartments\/bliss-bessa\/\">Bliss Bessa<\/a>\r\n                  <\/h3>\r\n\r\n                  <ul class=\"project-list d-flex align-items-center\">\r\n\r\n                                          <li class=\"d-flex align-items-center\">\r\n                        <i class=\"flaticon-double-bed\"><\/i>\r\n                        <span>1<\/span>\r\n                      <\/li>\r\n                    \r\n                                          <li class=\"d-flex align-items-center\">\r\n                        <i class=\"flaticon-bathroom\"><\/i>\r\n                        <span>1<\/span>\r\n                      <\/li>\r\n                    \r\n                                          <li class=\"d-flex align-items-center\">\r\n                        <i class=\"flaticon-full-screen\"><\/i>\r\n                        <span>a partir de 27m2<\/span>\r\n                      <\/li>\r\n                                      <\/ul>\r\n                <\/div>\r\n              <\/div>\r\n            <\/div>\r\n                      <div class=\"col-lg-4 col-md-6 single-item 1-quarto em-construcao tambau wow fadeInUp\" data-wow-delay=\"0.3s\">\r\n              <div class=\"project-item\">\r\n\r\n                \r\n                                  <div class=\"project-thumb w-img\">\r\n                    <a href=\"https:\/\/neoabc.com.br\/novo-site\/apartments\/bliss-navegantes\/\"><img loading=\"lazy\" decoding=\"async\" width=\"1920\" height=\"1281\" src=\"https:\/\/neoabc.com.br\/novo-site\/wp-content\/uploads\/2024\/07\/SLIDEBLISS.webp\" class=\"attachment-full size-full wp-post-image\" alt=\"\" srcset=\"https:\/\/neoabc.com.br\/novo-site\/wp-content\/uploads\/2024\/07\/SLIDEBLISS.webp 1920w, https:\/\/neoabc.com.br\/novo-site\/wp-content\/uploads\/2024\/07\/SLIDEBLISS-300x200.webp 300w, https:\/\/neoabc.com.br\/novo-site\/wp-content\/uploads\/2024\/07\/SLIDEBLISS-1024x683.webp 1024w, https:\/\/neoabc.com.br\/novo-site\/wp-content\/uploads\/2024\/07\/SLIDEBLISS-768x512.webp 768w, https:\/\/neoabc.com.br\/novo-site\/wp-content\/uploads\/2024\/07\/SLIDEBLISS-1536x1025.webp 1536w\" sizes=\"(max-width: 1920px) 100vw, 1920px\" \/><\/a>\r\n                  <\/div>\r\n                \r\n                <div class=\"project-content\">\r\n\r\n                  <h3 class=\"project-item-title\">\r\n                    <a href=\"https:\/\/neoabc.com.br\/novo-site\/apartments\/bliss-navegantes\/\">Bliss Navegantes<\/a>\r\n                  <\/h3>\r\n\r\n                  <ul class=\"project-list d-flex align-items-center\">\r\n\r\n                                          <li class=\"d-flex align-items-center\">\r\n                        <i class=\"flaticon-double-bed\"><\/i>\r\n                        <span>1<\/span>\r\n                      <\/li>\r\n                    \r\n                                          <li class=\"d-flex align-items-center\">\r\n                        <i class=\"flaticon-bathroom\"><\/i>\r\n                        <span>1<\/span>\r\n                      <\/li>\r\n                    \r\n                                          <li class=\"d-flex align-items-center\">\r\n                        <i class=\"flaticon-full-screen\"><\/i>\r\n                        <span>a partir de 24m2<\/span>\r\n                      <\/li>\r\n                                      <\/ul>\r\n                <\/div>\r\n              <\/div>\r\n            <\/div>\r\n                      <div class=\"col-lg-4 col-md-6 single-item 3-quartos miramar wow fadeInUp\" data-wow-delay=\"0.3s\">\r\n              <div class=\"project-item\">\r\n\r\n                \r\n                                  <div class=\"project-thumb w-img\">\r\n                    <a href=\"https:\/\/neoabc.com.br\/novo-site\/apartments\/arvoredo\/\"><img loading=\"lazy\" decoding=\"async\" width=\"2000\" height=\"1334\" src=\"https:\/\/neoabc.com.br\/novo-site\/wp-content\/uploads\/2024\/06\/SLIDEARVOREDO.jpg\" class=\"attachment-full size-full wp-post-image\" alt=\"\" srcset=\"https:\/\/neoabc.com.br\/novo-site\/wp-content\/uploads\/2024\/06\/SLIDEARVOREDO.jpg 2000w, https:\/\/neoabc.com.br\/novo-site\/wp-content\/uploads\/2024\/06\/SLIDEARVOREDO-300x200.jpg 300w, https:\/\/neoabc.com.br\/novo-site\/wp-content\/uploads\/2024\/06\/SLIDEARVOREDO-1024x683.jpg 1024w, https:\/\/neoabc.com.br\/novo-site\/wp-content\/uploads\/2024\/06\/SLIDEARVOREDO-768x512.jpg 768w, https:\/\/neoabc.com.br\/novo-site\/wp-content\/uploads\/2024\/06\/SLIDEARVOREDO-1536x1025.jpg 1536w\" sizes=\"(max-width: 2000px) 100vw, 2000px\" \/><\/a>\r\n                  <\/div>\r\n                \r\n                <div class=\"project-content\">\r\n\r\n                  <h3 class=\"project-item-title\">\r\n                    <a href=\"https:\/\/neoabc.com.br\/novo-site\/apartments\/arvoredo\/\">Arvoredo<\/a>\r\n                  <\/h3>\r\n\r\n                  <ul class=\"project-list d-flex align-items-center\">\r\n\r\n                                          <li class=\"d-flex align-items-center\">\r\n                        <i class=\"flaticon-double-bed\"><\/i>\r\n                        <span>3<\/span>\r\n                      <\/li>\r\n                    \r\n                                          <li class=\"d-flex align-items-center\">\r\n                        <i class=\"flaticon-bathroom\"><\/i>\r\n                        <span>4<\/span>\r\n                      <\/li>\r\n                    \r\n                                          <li class=\"d-flex align-items-center\">\r\n                        <i class=\"flaticon-full-screen\"><\/i>\r\n                        <span>a partir de 116m2<\/span>\r\n                      <\/li>\r\n                                      <\/ul>\r\n                <\/div>\r\n              <\/div>\r\n            <\/div>\r\n          \r\n        <\/div>\r\n      \r\n    <\/div>\r\n  <\/div>\r\n<\/div>\r\n\r\n\t\t\t\t<\/div>\n\t\t\t\t<\/div>\n\t\t\t\t\t<\/div>\n\t\t\t\t<\/div>\n\t\t\t\t<\/div>\n\t\t","protected":false},"excerpt":{"rendered":"<p>Lan\u00e7amento Bliss Bessa 1 1 a partir de 25m2 Costero 2 ou 3 at\u00e9 3 a partir de 76m2 Bliss Navegantes 1 1 a partir de 24m2 Bosque do Sol lotes a partir de 200m2 Armorial 2 ou 3 at\u00e9 3 a partir de 64m2 Arvoredo 3 4 ou 5 a partir de 116m2<\/p>\n","protected":false},"author":1,"featured_media":0,"parent":0,"menu_order":0,"comment_status":"closed","ping_status":"closed","template":"elementor_header_footer","meta":{"_acf_changed":false,"_eb_attr":"","footnotes":""},"class_list":["post-1371","page","type-page","status-publish","hentry"],"acf":[],"aioseo_notices":[],"_links":{"self":[{"href":"https:\/\/neoabc.com.br\/novo-site\/wp-json\/wp\/v2\/pages\/1371","targetHints":{"allow":["GET"]}}],"collection":[{"href":"https:\/\/neoabc.com.br\/novo-site\/wp-json\/wp\/v2\/pages"}],"about":[{"href":"https:\/\/neoabc.com.br\/novo-site\/wp-json\/wp\/v2\/types\/page"}],"author":[{"embeddable":true,"href":"https:\/\/neoabc.com.br\/novo-site\/wp-json\/wp\/v2\/users\/1"}],"replies":[{"embeddable":true,"href":"https:\/\/neoabc.com.br\/novo-site\/wp-json\/wp\/v2\/comments?post=1371"}],"version-history":[{"count":12,"href":"https:\/\/neoabc.com.br\/novo-site\/wp-json\/wp\/v2\/pages\/1371\/revisions"}],"predecessor-version":[{"id":4871,"href":"https:\/\/neoabc.com.br\/novo-site\/wp-json\/wp\/v2\/pages\/1371\/revisions\/4871"}],"wp:attachment":[{"href":"https:\/\/neoabc.com.br\/novo-site\/wp-json\/wp\/v2\/media?parent=1371"}],"curies":[{"name":"wp","href":"https:\/\/api.w.org\/{rel}","templated":true}]}}