{"id":4562,"date":"2024-09-01T17:31:10","date_gmt":"2024-09-01T20:31:10","guid":{"rendered":"https:\/\/neoabc.com.br\/novo-site\/?page_id=4562"},"modified":"2025-10-09T16:25:57","modified_gmt":"2025-10-09T19:25:57","slug":"atendimento","status":"publish","type":"page","link":"https:\/\/neoabc.com.br\/novo-site\/atendimento\/","title":{"rendered":"Avulsos"},"content":{"rendered":"\t\t<div data-elementor-type=\"wp-page\" data-elementor-id=\"4562\" class=\"elementor elementor-4562\">\n\t\t\t\t<div class=\"elementor-element elementor-element-58b9b6a e-flex e-con-boxed e-con e-parent\" data-id=\"58b9b6a\" data-element_type=\"container\" data-e-type=\"container\">\n\t\t\t\t\t<div class=\"e-con-inner\">\n\t\t\t\t<div class=\"elementor-element elementor-element-628f067 elementor-widget elementor-widget-tj-apartments\" data-id=\"628f067\" data-element_type=\"widget\" data-e-type=\"widget\" data-widget_type=\"tj-apartments.default\">\n\t\t\t\t<div class=\"elementor-widget-container\">\n\t\t\t\t\t\r\n<div class=\"project-filter-section tj_apartment\">\r\n  <div class=\"row\">\r\n    <div class=\"col-12\">\r\n\r\n      \r\n\r\n              <div class=\"row project-filter-items\">\r\n\r\n                      <div class=\"col-lg-4 col-md-6 single-item avulsos lotes venda bananeiras wow fadeInUp\" data-wow-delay=\"0.3s\">\r\n              <div class=\"project-item\">\r\n\r\n                \r\n                                  <div class=\"project-thumb w-img\">\r\n                    <a href=\"https:\/\/neoabc.com.br\/novo-site\/apartments\/lote-reserva_atlantico\/\"><img fetchpriority=\"high\" decoding=\"async\" width=\"512\" height=\"512\" src=\"https:\/\/neoabc.com.br\/novo-site\/wp-content\/uploads\/2024\/10\/cropped-logo-fundo-azul.jpg\" class=\"attachment-full size-full wp-post-image\" alt=\"\" srcset=\"https:\/\/neoabc.com.br\/novo-site\/wp-content\/uploads\/2024\/10\/cropped-logo-fundo-azul.jpg 512w, https:\/\/neoabc.com.br\/novo-site\/wp-content\/uploads\/2024\/10\/cropped-logo-fundo-azul-300x300.jpg 300w, https:\/\/neoabc.com.br\/novo-site\/wp-content\/uploads\/2024\/10\/cropped-logo-fundo-azul-150x150.jpg 150w, https:\/\/neoabc.com.br\/novo-site\/wp-content\/uploads\/2024\/10\/cropped-logo-fundo-azul-270x270.jpg 270w, https:\/\/neoabc.com.br\/novo-site\/wp-content\/uploads\/2024\/10\/cropped-logo-fundo-azul-192x192.jpg 192w, https:\/\/neoabc.com.br\/novo-site\/wp-content\/uploads\/2024\/10\/cropped-logo-fundo-azul-180x180.jpg 180w, https:\/\/neoabc.com.br\/novo-site\/wp-content\/uploads\/2024\/10\/cropped-logo-fundo-azul-32x32.jpg 32w\" sizes=\"(max-width: 512px) 100vw, 512px\" \/><\/a>\r\n                  <\/div>\r\n                \r\n                <div class=\"project-content\">\r\n\r\n                  <h3 class=\"project-item-title\">\r\n                    <a href=\"https:\/\/neoabc.com.br\/novo-site\/apartments\/lote-reserva_atlantico\/\">Lote no Reserva do Atl\u00e2ntico<\/a>\r\n                  <\/h3>\r\n\r\n                  <ul class=\"project-list d-flex align-items-center\">\r\n\r\n                    \r\n                    \r\n                                          <li class=\"d-flex align-items-center\">\r\n                        <i class=\"flaticon-full-screen\"><\/i>\r\n                        <span>360m2<\/span>\r\n                      <\/li>\r\n                                      <\/ul>\r\n                <\/div>\r\n              <\/div>\r\n            <\/div>\r\n                      <div class=\"col-lg-4 col-md-6 single-item avulsos locacao terreno venda cabedelo wow fadeInUp\" data-wow-delay=\"0.3s\">\r\n              <div class=\"project-item\">\r\n\r\n                \r\n                                  <div class=\"project-thumb w-img\">\r\n                    <a href=\"https:\/\/neoabc.com.br\/novo-site\/apartments\/terreno-cabedelo\/\"><img decoding=\"async\" width=\"363\" height=\"317\" src=\"https:\/\/neoabc.com.br\/novo-site\/wp-content\/uploads\/2025\/06\/IMG-20250615-WA0005.jpg\" class=\"attachment-full size-full wp-post-image\" alt=\"\" srcset=\"https:\/\/neoabc.com.br\/novo-site\/wp-content\/uploads\/2025\/06\/IMG-20250615-WA0005.jpg 363w, https:\/\/neoabc.com.br\/novo-site\/wp-content\/uploads\/2025\/06\/IMG-20250615-WA0005-300x262.jpg 300w\" sizes=\"(max-width: 363px) 100vw, 363px\" \/><\/a>\r\n                  <\/div>\r\n                \r\n                <div class=\"project-content\">\r\n\r\n                  <h3 class=\"project-item-title\">\r\n                    <a href=\"https:\/\/neoabc.com.br\/novo-site\/apartments\/terreno-cabedelo\/\">Terreno em Cabedelo<\/a>\r\n                  <\/h3>\r\n\r\n                  <ul class=\"project-list d-flex align-items-center\">\r\n\r\n                    \r\n                    \r\n                                          <li class=\"d-flex align-items-center\">\r\n                        <i class=\"flaticon-full-screen\"><\/i>\r\n                        <span>7.000m2<\/span>\r\n                      <\/li>\r\n                                      <\/ul>\r\n                <\/div>\r\n              <\/div>\r\n            <\/div>\r\n                      <div class=\"col-lg-4 col-md-6 single-item 3-quartos avulsos pronto-para-morar venda ponta-do-seixas wow fadeInUp\" data-wow-delay=\"0.3s\">\r\n              <div class=\"project-item\">\r\n\r\n                \r\n                                  <div class=\"project-thumb w-img\">\r\n                    <a href=\"https:\/\/neoabc.com.br\/novo-site\/apartments\/apartamento-falesia\/\"><img decoding=\"async\" width=\"720\" height=\"1280\" src=\"https:\/\/neoabc.com.br\/novo-site\/wp-content\/uploads\/2026\/01\/IMG-20260113-WA0030.jpg\" class=\"attachment-full size-full wp-post-image\" alt=\"\" srcset=\"https:\/\/neoabc.com.br\/novo-site\/wp-content\/uploads\/2026\/01\/IMG-20260113-WA0030.jpg 720w, https:\/\/neoabc.com.br\/novo-site\/wp-content\/uploads\/2026\/01\/IMG-20260113-WA0030-169x300.jpg 169w, https:\/\/neoabc.com.br\/novo-site\/wp-content\/uploads\/2026\/01\/IMG-20260113-WA0030-576x1024.jpg 576w\" sizes=\"(max-width: 720px) 100vw, 720px\" \/><\/a>\r\n                  <\/div>\r\n                \r\n                <div class=\"project-content\">\r\n\r\n                  <h3 class=\"project-item-title\">\r\n                    <a href=\"https:\/\/neoabc.com.br\/novo-site\/apartments\/apartamento-falesia\/\">Apto 410 Fal\u00e9sia Alliance<\/a>\r\n                  <\/h3>\r\n\r\n                  <ul class=\"project-list d-flex align-items-center\">\r\n\r\n                                          <li class=\"d-flex align-items-center\">\r\n                        <i class=\"flaticon-double-bed\"><\/i>\r\n                        <span>3<\/span>\r\n                      <\/li>\r\n                    \r\n                                          <li class=\"d-flex align-items-center\">\r\n                        <i class=\"flaticon-bathroom\"><\/i>\r\n                        <span>3<\/span>\r\n                      <\/li>\r\n                    \r\n                                          <li class=\"d-flex align-items-center\">\r\n                        <i class=\"flaticon-full-screen\"><\/i>\r\n                        <span>104m2<\/span>\r\n                      <\/li>\r\n                                      <\/ul>\r\n                <\/div>\r\n              <\/div>\r\n            <\/div>\r\n                      <div class=\"col-lg-4 col-md-6 single-item 4-quartos avulsos pronto-para-morar venda miramar wow fadeInUp\" data-wow-delay=\"0.3s\">\r\n              <div class=\"project-item\">\r\n\r\n                \r\n                                  <div class=\"project-thumb w-img\">\r\n                    <a href=\"https:\/\/neoabc.com.br\/novo-site\/apartments\/residencial-marcaspio\/\"><img loading=\"lazy\" decoding=\"async\" width=\"1080\" height=\"1544\" src=\"https:\/\/neoabc.com.br\/novo-site\/wp-content\/uploads\/2025\/02\/Screenshot_2025-08-21-13-20-16-196_com.google.android.apps_.maps_-e1755794040689.jpg\" class=\"attachment-full size-full wp-post-image\" alt=\"\" srcset=\"https:\/\/neoabc.com.br\/novo-site\/wp-content\/uploads\/2025\/02\/Screenshot_2025-08-21-13-20-16-196_com.google.android.apps_.maps_-e1755794040689.jpg 1080w, https:\/\/neoabc.com.br\/novo-site\/wp-content\/uploads\/2025\/02\/Screenshot_2025-08-21-13-20-16-196_com.google.android.apps_.maps_-e1755794040689-210x300.jpg 210w, https:\/\/neoabc.com.br\/novo-site\/wp-content\/uploads\/2025\/02\/Screenshot_2025-08-21-13-20-16-196_com.google.android.apps_.maps_-e1755794040689-716x1024.jpg 716w, https:\/\/neoabc.com.br\/novo-site\/wp-content\/uploads\/2025\/02\/Screenshot_2025-08-21-13-20-16-196_com.google.android.apps_.maps_-e1755794040689-768x1098.jpg 768w, https:\/\/neoabc.com.br\/novo-site\/wp-content\/uploads\/2025\/02\/Screenshot_2025-08-21-13-20-16-196_com.google.android.apps_.maps_-e1755794040689-1074x1536.jpg 1074w\" sizes=\"(max-width: 1080px) 100vw, 1080px\" \/><\/a>\r\n                  <\/div>\r\n                \r\n                <div class=\"project-content\">\r\n\r\n                  <h3 class=\"project-item-title\">\r\n                    <a href=\"https:\/\/neoabc.com.br\/novo-site\/apartments\/residencial-marcaspio\/\">Residencial Mar C\u00e1spio<\/a>\r\n                  <\/h3>\r\n\r\n                  <ul class=\"project-list d-flex align-items-center\">\r\n\r\n                                          <li class=\"d-flex align-items-center\">\r\n                        <i class=\"flaticon-double-bed\"><\/i>\r\n                        <span>4<\/span>\r\n                      <\/li>\r\n                    \r\n                                          <li class=\"d-flex align-items-center\">\r\n                        <i class=\"flaticon-bathroom\"><\/i>\r\n                        <span>5<\/span>\r\n                      <\/li>\r\n                    \r\n                                          <li class=\"d-flex align-items-center\">\r\n                        <i class=\"flaticon-full-screen\"><\/i>\r\n                        <span>152<\/span>\r\n                      <\/li>\r\n                                      <\/ul>\r\n                <\/div>\r\n              <\/div>\r\n            <\/div>\r\n                      <div class=\"col-lg-4 col-md-6 single-item avulsos lotes venda conde-pb wow fadeInUp\" data-wow-delay=\"0.3s\">\r\n              <div class=\"project-item\">\r\n\r\n                \r\n                                  <div class=\"project-thumb w-img\">\r\n                    <a href=\"https:\/\/neoabc.com.br\/novo-site\/apartments\/terreno-coqueirinho\/\"><img loading=\"lazy\" decoding=\"async\" width=\"1080\" height=\"576\" src=\"https:\/\/neoabc.com.br\/novo-site\/wp-content\/uploads\/2024\/09\/Screenshot_2024-09-01-16-41-30-750_com.facebook.katana-e1725223973131.jpg\" class=\"attachment-full size-full wp-post-image\" alt=\"\" srcset=\"https:\/\/neoabc.com.br\/novo-site\/wp-content\/uploads\/2024\/09\/Screenshot_2024-09-01-16-41-30-750_com.facebook.katana-e1725223973131.jpg 1080w, https:\/\/neoabc.com.br\/novo-site\/wp-content\/uploads\/2024\/09\/Screenshot_2024-09-01-16-41-30-750_com.facebook.katana-e1725223973131-300x160.jpg 300w, https:\/\/neoabc.com.br\/novo-site\/wp-content\/uploads\/2024\/09\/Screenshot_2024-09-01-16-41-30-750_com.facebook.katana-e1725223973131-1024x546.jpg 1024w, https:\/\/neoabc.com.br\/novo-site\/wp-content\/uploads\/2024\/09\/Screenshot_2024-09-01-16-41-30-750_com.facebook.katana-e1725223973131-768x410.jpg 768w\" sizes=\"(max-width: 1080px) 100vw, 1080px\" \/><\/a>\r\n                  <\/div>\r\n                \r\n                <div class=\"project-content\">\r\n\r\n                  <h3 class=\"project-item-title\">\r\n                    <a href=\"https:\/\/neoabc.com.br\/novo-site\/apartments\/terreno-coqueirinho\/\">Brisas de Coqueirinho<\/a>\r\n                  <\/h3>\r\n\r\n                  <ul class=\"project-list d-flex align-items-center\">\r\n\r\n                    \r\n                    \r\n                                          <li class=\"d-flex align-items-center\">\r\n                        <i class=\"flaticon-full-screen\"><\/i>\r\n                        <span>480m2<\/span>\r\n                      <\/li>\r\n                                      <\/ul>\r\n                <\/div>\r\n              <\/div>\r\n            <\/div>\r\n          \r\n        <\/div>\r\n      \r\n    <\/div>\r\n  <\/div>\r\n<\/div>\r\n\r\n\t\t\t\t<\/div>\n\t\t\t\t<\/div>\n\t\t\t\t\t<\/div>\n\t\t\t\t<\/div>\n\t\t\t\t<\/div>\n\t\t","protected":false},"excerpt":{"rendered":"<p>Sala comercial 32 P\u00e1tio Shopping Altiplano 31 Sala comercial 93 P\u00e1tio Shopping Altiplano 31 Terreno em Cabedelo 7.000m2 Residencial Valencia apto 102 3 2 58,16m2 Residencial Mar C\u00e1spio 4 5 152 APARTAMENTO 203 RESIDENCIAL REI SALOM\u00c3O 3 2 68m2 Casa 3 quartos Bosque do Sol 3 2 100m2 Lote no CONDOMINIO DE CAMPO ALTEZA RESORT [&hellip;]<\/p>\n","protected":false},"author":1,"featured_media":0,"parent":0,"menu_order":0,"comment_status":"closed","ping_status":"closed","template":"","meta":{"_acf_changed":false,"_eb_attr":"","footnotes":""},"class_list":["post-4562","page","type-page","status-publish","hentry"],"acf":[],"aioseo_notices":[],"_links":{"self":[{"href":"https:\/\/neoabc.com.br\/novo-site\/wp-json\/wp\/v2\/pages\/4562","targetHints":{"allow":["GET"]}}],"collection":[{"href":"https:\/\/neoabc.com.br\/novo-site\/wp-json\/wp\/v2\/pages"}],"about":[{"href":"https:\/\/neoabc.com.br\/novo-site\/wp-json\/wp\/v2\/types\/page"}],"author":[{"embeddable":true,"href":"https:\/\/neoabc.com.br\/novo-site\/wp-json\/wp\/v2\/users\/1"}],"replies":[{"embeddable":true,"href":"https:\/\/neoabc.com.br\/novo-site\/wp-json\/wp\/v2\/comments?post=4562"}],"version-history":[{"count":13,"href":"https:\/\/neoabc.com.br\/novo-site\/wp-json\/wp\/v2\/pages\/4562\/revisions"}],"predecessor-version":[{"id":5682,"href":"https:\/\/neoabc.com.br\/novo-site\/wp-json\/wp\/v2\/pages\/4562\/revisions\/5682"}],"wp:attachment":[{"href":"https:\/\/neoabc.com.br\/novo-site\/wp-json\/wp\/v2\/media?parent=4562"}],"curies":[{"name":"wp","href":"https:\/\/api.w.org\/{rel}","templated":true}]}}