{"id":627,"date":"2024-01-09T23:20:10","date_gmt":"2024-01-09T23:20:10","guid":{"rendered":"https:\/\/themejunction.net\/wp\/beauly\/?page_id=627"},"modified":"2026-01-28T17:22:40","modified_gmt":"2026-01-28T20:22:40","slug":"tabelas","status":"publish","type":"page","link":"https:\/\/neoabc.com.br\/novo-site\/tabelas\/","title":{"rendered":"Tabelas"},"content":{"rendered":"\t\t<div data-elementor-type=\"wp-page\" data-elementor-id=\"627\" class=\"elementor elementor-627\">\n\t\t\t\t<div class=\"elementor-element elementor-element-33c6900 e-flex e-con-boxed e-con e-parent\" data-id=\"33c6900\" data-element_type=\"container\" data-e-type=\"container\" data-settings=\"{&quot;background_background&quot;:&quot;classic&quot;}\">\n\t\t\t\t\t<div class=\"e-con-inner\">\n\t\t<div class=\"elementor-element elementor-element-4276ce6 e-con-full e-flex e-con e-child\" data-id=\"4276ce6\" data-element_type=\"container\" data-e-type=\"container\">\n\t\t\t\t<div class=\"elementor-element elementor-element-89c1e1f tj_section_align elementor-align-center elementor-widget elementor-widget-tj-section-title\" data-id=\"89c1e1f\" data-element_type=\"widget\" data-e-type=\"widget\" data-widget_type=\"tj-section-title.default\">\n\t\t\t\t<div class=\"elementor-widget-container\">\n\t\t\t\t\t\r\n<div class=\"section-heading\">\r\n\r\n      <h4 class=\"sub-heading wow fadeInLeft\" data-wow-delay=\"2.9s\">\r\n              <i aria-hidden=\"true\" class=\"fas fa-dollar-sign fa-solid\"><\/i>      \r\n      Consulte a disponibilidades das unidades de cada um dos nossos im\u00f3veis, com pre\u00e7os e condi\u00e7\u00f5es de pagamento.    <\/h4>\r\n  \r\n  \r\n  \r\n  <\/div>\r\n\r\n\t\t\t\t<\/div>\n\t\t\t\t<\/div>\n\t\t\t\t<\/div>\n\t\t<div class=\"elementor-element elementor-element-e82e0a4 e-con-full e-flex e-con e-child\" data-id=\"e82e0a4\" data-element_type=\"container\" data-e-type=\"container\" data-settings=\"{&quot;background_background&quot;:&quot;classic&quot;,&quot;shape_divider_bottom&quot;:&quot;arrow&quot;,&quot;shape_divider_bottom_negative&quot;:&quot;yes&quot;}\">\n\t\t\t\t<div class=\"elementor-shape elementor-shape-bottom\" aria-hidden=\"true\" data-negative=\"true\">\n\t\t\t<svg xmlns=\"http:\/\/www.w3.org\/2000\/svg\" viewBox=\"0 0 700 10\" preserveAspectRatio=\"none\">\n\t<path class=\"elementor-shape-fill\" d=\"M360 0L350 9.9 340 0 0 0 0 10 700 10 700 0\"\/>\n<\/svg>\t\t<\/div>\n\t\t\t\t<div class=\"elementor-element elementor-element-d9c90f3 elementor-widget elementor-widget-spacer\" data-id=\"d9c90f3\" data-element_type=\"widget\" data-e-type=\"widget\" data-widget_type=\"spacer.default\">\n\t\t\t\t<div class=\"elementor-widget-container\">\n\t\t\t\t\t\t\t<div class=\"elementor-spacer\">\n\t\t\t<div class=\"elementor-spacer-inner\"><\/div>\n\t\t<\/div>\n\t\t\t\t\t\t<\/div>\n\t\t\t\t<\/div>\n\t\t\t\t<div class=\"elementor-element elementor-element-8ffbe26 elementor-position-top elementor-widget elementor-widget-image-box\" data-id=\"8ffbe26\" data-element_type=\"widget\" data-e-type=\"widget\" data-widget_type=\"image-box.default\">\n\t\t\t\t<div class=\"elementor-widget-container\">\n\t\t\t\t\t<div class=\"elementor-image-box-wrapper\"><figure class=\"elementor-image-box-img\"><a href=\"\/tabs\/tab_bliss-bessa.pdf\" target=\"_blank\" tabindex=\"-1\"><img decoding=\"async\" width=\"300\" height=\"129\" src=\"https:\/\/neoabc.com.br\/novo-site\/wp-content\/uploads\/2024\/07\/LOGO-BLISS-BESSA-1-300x129.png\" class=\"attachment-medium size-medium wp-image-3313\" alt=\"\" srcset=\"https:\/\/neoabc.com.br\/novo-site\/wp-content\/uploads\/2024\/07\/LOGO-BLISS-BESSA-1-300x129.png 300w, https:\/\/neoabc.com.br\/novo-site\/wp-content\/uploads\/2024\/07\/LOGO-BLISS-BESSA-1.png 685w\" sizes=\"(max-width: 300px) 100vw, 300px\" \/><\/a><\/figure><div class=\"elementor-image-box-content\"><p class=\"elementor-image-box-description\">Flats a partir de 25 m2, \u00e0 beira-mar do Bessa <\/p><\/div><\/div>\t\t\t\t<\/div>\n\t\t\t\t<\/div>\n\t\t\t\t<\/div>\n\t\t<div class=\"elementor-element elementor-element-9ed77de e-con-full e-flex e-con e-child\" data-id=\"9ed77de\" data-element_type=\"container\" data-e-type=\"container\" data-settings=\"{&quot;background_background&quot;:&quot;classic&quot;,&quot;shape_divider_bottom&quot;:&quot;arrow&quot;,&quot;shape_divider_bottom_negative&quot;:&quot;yes&quot;}\">\n\t\t\t\t<div class=\"elementor-shape elementor-shape-bottom\" aria-hidden=\"true\" data-negative=\"true\">\n\t\t\t<svg xmlns=\"http:\/\/www.w3.org\/2000\/svg\" viewBox=\"0 0 700 10\" preserveAspectRatio=\"none\">\n\t<path class=\"elementor-shape-fill\" d=\"M360 0L350 9.9 340 0 0 0 0 10 700 10 700 0\"\/>\n<\/svg>\t\t<\/div>\n\t\t\t\t<div class=\"elementor-element elementor-element-ea38e40 elementor-widget elementor-widget-spacer\" data-id=\"ea38e40\" data-element_type=\"widget\" data-e-type=\"widget\" data-widget_type=\"spacer.default\">\n\t\t\t\t<div class=\"elementor-widget-container\">\n\t\t\t\t\t\t\t<div class=\"elementor-spacer\">\n\t\t\t<div class=\"elementor-spacer-inner\"><\/div>\n\t\t<\/div>\n\t\t\t\t\t\t<\/div>\n\t\t\t\t<\/div>\n\t\t\t\t<div class=\"elementor-element elementor-element-950598c elementor-position-top elementor-widget elementor-widget-image-box\" data-id=\"950598c\" data-element_type=\"widget\" data-e-type=\"widget\" data-widget_type=\"image-box.default\">\n\t\t\t\t<div class=\"elementor-widget-container\">\n\t\t\t\t\t<div class=\"elementor-image-box-wrapper\"><figure class=\"elementor-image-box-img\"><a href=\"\/tabs\/TAB_BLISS.pdf\" target=\"_blank\" tabindex=\"-1\"><img decoding=\"async\" width=\"300\" height=\"139\" src=\"https:\/\/neoabc.com.br\/novo-site\/wp-content\/uploads\/2024\/10\/bliss_tambau-color-300x139.png\" class=\"attachment-medium size-medium wp-image-5030\" alt=\"\" srcset=\"https:\/\/neoabc.com.br\/novo-site\/wp-content\/uploads\/2024\/10\/bliss_tambau-color-300x139.png 300w, https:\/\/neoabc.com.br\/novo-site\/wp-content\/uploads\/2024\/10\/bliss_tambau-color-1024x473.png 1024w, https:\/\/neoabc.com.br\/novo-site\/wp-content\/uploads\/2024\/10\/bliss_tambau-color-768x355.png 768w, https:\/\/neoabc.com.br\/novo-site\/wp-content\/uploads\/2024\/10\/bliss_tambau-color-1536x709.png 1536w, https:\/\/neoabc.com.br\/novo-site\/wp-content\/uploads\/2024\/10\/bliss_tambau-color.png 1800w\" sizes=\"(max-width: 300px) 100vw, 300px\" \/><\/a><\/figure><div class=\"elementor-image-box-content\"><p class=\"elementor-image-box-description\">Flats a partir de 26 m2, em Tamba\u00fa<\/p><\/div><\/div>\t\t\t\t<\/div>\n\t\t\t\t<\/div>\n\t\t\t\t<\/div>\n\t\t<div class=\"elementor-element elementor-element-c831e63 e-con-full e-flex e-con e-child\" data-id=\"c831e63\" data-element_type=\"container\" data-e-type=\"container\" data-settings=\"{&quot;shape_divider_bottom&quot;:&quot;arrow&quot;,&quot;shape_divider_bottom_negative&quot;:&quot;yes&quot;,&quot;background_background&quot;:&quot;classic&quot;}\">\n\t\t\t\t<div class=\"elementor-shape elementor-shape-bottom\" aria-hidden=\"true\" data-negative=\"true\">\n\t\t\t<svg xmlns=\"http:\/\/www.w3.org\/2000\/svg\" viewBox=\"0 0 700 10\" preserveAspectRatio=\"none\">\n\t<path class=\"elementor-shape-fill\" d=\"M360 0L350 9.9 340 0 0 0 0 10 700 10 700 0\"\/>\n<\/svg>\t\t<\/div>\n\t\t\t\t<div class=\"elementor-element elementor-element-7e9db07 elementor-widget elementor-widget-spacer\" data-id=\"7e9db07\" data-element_type=\"widget\" data-e-type=\"widget\" data-widget_type=\"spacer.default\">\n\t\t\t\t<div class=\"elementor-widget-container\">\n\t\t\t\t\t\t\t<div class=\"elementor-spacer\">\n\t\t\t<div class=\"elementor-spacer-inner\"><\/div>\n\t\t<\/div>\n\t\t\t\t\t\t<\/div>\n\t\t\t\t<\/div>\n\t\t\t\t<div class=\"elementor-element elementor-element-152096a elementor-position-top elementor-widget elementor-widget-image-box\" data-id=\"152096a\" data-element_type=\"widget\" data-e-type=\"widget\" data-widget_type=\"image-box.default\">\n\t\t\t\t<div class=\"elementor-widget-container\">\n\t\t\t\t\t<div class=\"elementor-image-box-wrapper\"><figure class=\"elementor-image-box-img\"><a href=\"\/tabs\/tab_costero.pdf\" target=\"_blank\" tabindex=\"-1\"><img fetchpriority=\"high\" decoding=\"async\" width=\"2489\" height=\"791\" src=\"https:\/\/neoabc.com.br\/novo-site\/wp-content\/uploads\/2024\/07\/LOGO-COSTERO.png\" class=\"attachment-full size-full wp-image-3672\" alt=\"\" srcset=\"https:\/\/neoabc.com.br\/novo-site\/wp-content\/uploads\/2024\/07\/LOGO-COSTERO.png 2489w, https:\/\/neoabc.com.br\/novo-site\/wp-content\/uploads\/2024\/07\/LOGO-COSTERO-300x95.webp 300w, https:\/\/neoabc.com.br\/novo-site\/wp-content\/uploads\/2024\/07\/LOGO-COSTERO-1024x325.webp 1024w, https:\/\/neoabc.com.br\/novo-site\/wp-content\/uploads\/2024\/07\/LOGO-COSTERO-768x244.webp 768w, https:\/\/neoabc.com.br\/novo-site\/wp-content\/uploads\/2024\/07\/LOGO-COSTERO-1536x488.webp 1536w, https:\/\/neoabc.com.br\/novo-site\/wp-content\/uploads\/2024\/07\/LOGO-COSTERO-2048x651.webp 1920w\" sizes=\"(max-width: 2489px) 100vw, 2489px\" \/><\/a><\/figure><div class=\"elementor-image-box-content\"><p class=\"elementor-image-box-description\">Aptos a partir de 77m2 com 2 quartos<\/p><\/div><\/div>\t\t\t\t<\/div>\n\t\t\t\t<\/div>\n\t\t\t\t<\/div>\n\t\t<div class=\"elementor-element elementor-element-91e7cb3 e-con-full e-flex e-con e-child\" data-id=\"91e7cb3\" data-element_type=\"container\" data-e-type=\"container\" data-settings=\"{&quot;shape_divider_bottom&quot;:&quot;arrow&quot;,&quot;shape_divider_bottom_negative&quot;:&quot;yes&quot;,&quot;background_background&quot;:&quot;classic&quot;}\">\n\t\t\t\t<div class=\"elementor-shape elementor-shape-bottom\" aria-hidden=\"true\" data-negative=\"true\">\n\t\t\t<svg xmlns=\"http:\/\/www.w3.org\/2000\/svg\" viewBox=\"0 0 700 10\" preserveAspectRatio=\"none\">\n\t<path class=\"elementor-shape-fill\" d=\"M360 0L350 9.9 340 0 0 0 0 10 700 10 700 0\"\/>\n<\/svg>\t\t<\/div>\n\t\t\t\t<div class=\"elementor-element elementor-element-06b4a5f elementor-widget elementor-widget-spacer\" data-id=\"06b4a5f\" data-element_type=\"widget\" data-e-type=\"widget\" data-widget_type=\"spacer.default\">\n\t\t\t\t<div class=\"elementor-widget-container\">\n\t\t\t\t\t\t\t<div class=\"elementor-spacer\">\n\t\t\t<div class=\"elementor-spacer-inner\"><\/div>\n\t\t<\/div>\n\t\t\t\t\t\t<\/div>\n\t\t\t\t<\/div>\n\t\t\t\t<div class=\"elementor-element elementor-element-96db58a elementor-position-top elementor-widget elementor-widget-image-box\" data-id=\"96db58a\" data-element_type=\"widget\" data-e-type=\"widget\" data-widget_type=\"image-box.default\">\n\t\t\t\t<div class=\"elementor-widget-container\">\n\t\t\t\t\t<div class=\"elementor-image-box-wrapper\"><figure class=\"elementor-image-box-img\"><a href=\"\/tabs\/tab_armorial.pdf\" target=\"_blank\" tabindex=\"-1\"><img loading=\"lazy\" decoding=\"async\" width=\"300\" height=\"89\" src=\"https:\/\/neoabc.com.br\/novo-site\/wp-content\/uploads\/2024\/10\/logo-ARMORIAL-e1727804865458-300x89.png\" class=\"attachment-medium size-medium wp-image-5031\" alt=\"\" srcset=\"https:\/\/neoabc.com.br\/novo-site\/wp-content\/uploads\/2024\/10\/logo-ARMORIAL-e1727804865458-300x89.png 300w, https:\/\/neoabc.com.br\/novo-site\/wp-content\/uploads\/2024\/10\/logo-ARMORIAL-e1727804865458.png 600w\" sizes=\"(max-width: 300px) 100vw, 300px\" \/><\/a><\/figure><div class=\"elementor-image-box-content\"><p class=\"elementor-image-box-description\">Aptos a partir de 64m2, no Altiplano<\/p><\/div><\/div>\t\t\t\t<\/div>\n\t\t\t\t<\/div>\n\t\t\t\t<\/div>\n\t\t<div class=\"elementor-element elementor-element-978a11e e-con-full e-flex e-con e-child\" data-id=\"978a11e\" data-element_type=\"container\" data-e-type=\"container\" data-settings=\"{&quot;shape_divider_bottom&quot;:&quot;arrow&quot;,&quot;shape_divider_bottom_negative&quot;:&quot;yes&quot;,&quot;background_background&quot;:&quot;classic&quot;}\">\n\t\t\t\t<div class=\"elementor-shape elementor-shape-bottom\" aria-hidden=\"true\" data-negative=\"true\">\n\t\t\t<svg xmlns=\"http:\/\/www.w3.org\/2000\/svg\" viewBox=\"0 0 700 10\" preserveAspectRatio=\"none\">\n\t<path class=\"elementor-shape-fill\" d=\"M360 0L350 9.9 340 0 0 0 0 10 700 10 700 0\"\/>\n<\/svg>\t\t<\/div>\n\t\t\t\t<div class=\"elementor-element elementor-element-7f6e5c6 elementor-position-top elementor-position-top elementor-widget elementor-widget-image-box\" data-id=\"7f6e5c6\" data-element_type=\"widget\" data-e-type=\"widget\" data-widget_type=\"image-box.default\">\n\t\t\t\t<div class=\"elementor-widget-container\">\n\t\t\t\t\t<div class=\"elementor-image-box-wrapper\"><figure class=\"elementor-image-box-img\"><a href=\"\/tabs\/tab_arvoredo.pdf\" target=\"_blank\" tabindex=\"-1\"><img loading=\"lazy\" decoding=\"async\" width=\"300\" height=\"130\" src=\"https:\/\/neoabc.com.br\/novo-site\/wp-content\/uploads\/2024\/10\/Arvoredo_Vert-e1727806047602-300x130.png\" class=\"attachment-medium size-medium wp-image-5035\" alt=\"\" srcset=\"https:\/\/neoabc.com.br\/novo-site\/wp-content\/uploads\/2024\/10\/Arvoredo_Vert-e1727806047602-300x130.png 300w, https:\/\/neoabc.com.br\/novo-site\/wp-content\/uploads\/2024\/10\/Arvoredo_Vert-e1727806047602-768x333.png 768w, https:\/\/neoabc.com.br\/novo-site\/wp-content\/uploads\/2024\/10\/Arvoredo_Vert-e1727806047602.png 940w\" sizes=\"(max-width: 300px) 100vw, 300px\" \/><\/a><\/figure><div class=\"elementor-image-box-content\"><p class=\"elementor-image-box-description\">Aptos a partir de 116m2 com 3 quartos<\/p><\/div><\/div>\t\t\t\t<\/div>\n\t\t\t\t<\/div>\n\t\t\t\t<div class=\"elementor-element elementor-element-5dbbf8f elementor-widget elementor-widget-spacer\" data-id=\"5dbbf8f\" data-element_type=\"widget\" data-e-type=\"widget\" data-widget_type=\"spacer.default\">\n\t\t\t\t<div class=\"elementor-widget-container\">\n\t\t\t\t\t\t\t<div class=\"elementor-spacer\">\n\t\t\t<div class=\"elementor-spacer-inner\"><\/div>\n\t\t<\/div>\n\t\t\t\t\t\t<\/div>\n\t\t\t\t<\/div>\n\t\t\t\t<\/div>\n\t\t<div class=\"elementor-element elementor-element-d79fd5a e-con-full e-flex e-con e-child\" data-id=\"d79fd5a\" data-element_type=\"container\" data-e-type=\"container\" data-settings=\"{&quot;shape_divider_bottom&quot;:&quot;arrow&quot;,&quot;shape_divider_bottom_negative&quot;:&quot;yes&quot;,&quot;background_background&quot;:&quot;classic&quot;}\">\n\t\t\t\t<div class=\"elementor-shape elementor-shape-bottom\" aria-hidden=\"true\" data-negative=\"true\">\n\t\t\t<svg xmlns=\"http:\/\/www.w3.org\/2000\/svg\" viewBox=\"0 0 700 10\" preserveAspectRatio=\"none\">\n\t<path class=\"elementor-shape-fill\" d=\"M360 0L350 9.9 340 0 0 0 0 10 700 10 700 0\"\/>\n<\/svg>\t\t<\/div>\n\t\t\t\t<div class=\"elementor-element elementor-element-e4c9114 elementor-position-top elementor-widget elementor-widget-image-box\" data-id=\"e4c9114\" data-element_type=\"widget\" data-e-type=\"widget\" data-widget_type=\"image-box.default\">\n\t\t\t\t<div class=\"elementor-widget-container\">\n\t\t\t\t\t<div class=\"elementor-image-box-wrapper\"><figure class=\"elementor-image-box-img\"><a href=\"\/tabs\/tab_bosquedosol.pdf\" target=\"_blank\" tabindex=\"-1\"><img loading=\"lazy\" decoding=\"async\" width=\"300\" height=\"149\" src=\"https:\/\/neoabc.com.br\/novo-site\/wp-content\/uploads\/2024\/10\/logo-bosque-300x149.png\" class=\"attachment-medium size-medium wp-image-5038\" alt=\"\" srcset=\"https:\/\/neoabc.com.br\/novo-site\/wp-content\/uploads\/2024\/10\/logo-bosque-300x149.png 300w, https:\/\/neoabc.com.br\/novo-site\/wp-content\/uploads\/2024\/10\/logo-bosque-768x382.png 768w, https:\/\/neoabc.com.br\/novo-site\/wp-content\/uploads\/2024\/10\/logo-bosque.png 821w\" sizes=\"(max-width: 300px) 100vw, 300px\" \/><\/a><\/figure><div class=\"elementor-image-box-content\"><p class=\"elementor-image-box-description\">Lotes a partir de 200m2 <\/p><\/div><\/div>\t\t\t\t<\/div>\n\t\t\t\t<\/div>\n\t\t\t\t<\/div>\n\t\t<div class=\"elementor-element elementor-element-8c7752b e-con-full e-flex e-con e-child\" data-id=\"8c7752b\" data-element_type=\"container\" data-e-type=\"container\" data-settings=\"{&quot;shape_divider_bottom&quot;:&quot;arrow&quot;,&quot;shape_divider_bottom_negative&quot;:&quot;yes&quot;,&quot;background_background&quot;:&quot;classic&quot;}\">\n\t\t\t\t<div class=\"elementor-shape elementor-shape-bottom\" aria-hidden=\"true\" data-negative=\"true\">\n\t\t\t<svg xmlns=\"http:\/\/www.w3.org\/2000\/svg\" viewBox=\"0 0 700 10\" preserveAspectRatio=\"none\">\n\t<path class=\"elementor-shape-fill\" d=\"M360 0L350 9.9 340 0 0 0 0 10 700 10 700 0\"\/>\n<\/svg>\t\t<\/div>\n\t\t\t\t<div class=\"elementor-element elementor-element-6ee7b36 elementor-widget elementor-widget-spacer\" data-id=\"6ee7b36\" data-element_type=\"widget\" data-e-type=\"widget\" data-widget_type=\"spacer.default\">\n\t\t\t\t<div class=\"elementor-widget-container\">\n\t\t\t\t\t\t\t<div class=\"elementor-spacer\">\n\t\t\t<div class=\"elementor-spacer-inner\"><\/div>\n\t\t<\/div>\n\t\t\t\t\t\t<\/div>\n\t\t\t\t<\/div>\n\t\t\t\t<div class=\"elementor-element elementor-element-f919623 elementor-position-top elementor-widget elementor-widget-image-box\" data-id=\"f919623\" data-element_type=\"widget\" data-e-type=\"widget\" data-widget_type=\"image-box.default\">\n\t\t\t\t<div class=\"elementor-widget-container\">\n\t\t\t\t\t<div class=\"elementor-image-box-wrapper\"><figure class=\"elementor-image-box-img\"><a href=\"\/tabs\/tab_avulsos.pdf\" target=\"_blank\" tabindex=\"-1\"><img loading=\"lazy\" decoding=\"async\" width=\"300\" height=\"83\" src=\"https:\/\/neoabc.com.br\/novo-site\/wp-content\/uploads\/2024\/09\/escura-300x83.png\" class=\"attachment-medium size-medium wp-image-4905\" alt=\"\" srcset=\"https:\/\/neoabc.com.br\/novo-site\/wp-content\/uploads\/2024\/09\/escura-300x83.png 300w, https:\/\/neoabc.com.br\/novo-site\/wp-content\/uploads\/2024\/09\/escura.png 503w\" sizes=\"(max-width: 300px) 100vw, 300px\" \/><\/a><\/figure><div class=\"elementor-image-box-content\"><h3 class=\"elementor-image-box-title\"><a href=\"\/tabs\/tab_avulsos.pdf\" target=\"_blank\">AVULSOS<\/a><\/h3><\/div><\/div>\t\t\t\t<\/div>\n\t\t\t\t<\/div>\n\t\t\t\t<\/div>\n\t\t<div class=\"elementor-element elementor-element-f4220a0 e-con-full e-flex e-con e-child\" data-id=\"f4220a0\" data-element_type=\"container\" data-e-type=\"container\" data-settings=\"{&quot;shape_divider_bottom&quot;:&quot;arrow&quot;,&quot;shape_divider_bottom_negative&quot;:&quot;yes&quot;,&quot;background_background&quot;:&quot;classic&quot;}\">\n\t\t\t\t<div class=\"elementor-shape elementor-shape-bottom\" aria-hidden=\"true\" data-negative=\"true\">\n\t\t\t<svg xmlns=\"http:\/\/www.w3.org\/2000\/svg\" viewBox=\"0 0 700 10\" preserveAspectRatio=\"none\">\n\t<path class=\"elementor-shape-fill\" d=\"M360 0L350 9.9 340 0 0 0 0 10 700 10 700 0\"\/>\n<\/svg>\t\t<\/div>\n\t\t\t\t<div class=\"elementor-element elementor-element-6815912 elementor-widget elementor-widget-spacer\" data-id=\"6815912\" data-element_type=\"widget\" data-e-type=\"widget\" data-widget_type=\"spacer.default\">\n\t\t\t\t<div class=\"elementor-widget-container\">\n\t\t\t\t\t\t\t<div class=\"elementor-spacer\">\n\t\t\t<div class=\"elementor-spacer-inner\"><\/div>\n\t\t<\/div>\n\t\t\t\t\t\t<\/div>\n\t\t\t\t<\/div>\n\t\t\t\t<div class=\"elementor-element elementor-element-cd9488a elementor-position-top elementor-widget elementor-widget-image-box\" data-id=\"cd9488a\" data-element_type=\"widget\" data-e-type=\"widget\" data-widget_type=\"image-box.default\">\n\t\t\t\t<div class=\"elementor-widget-container\">\n\t\t\t\t\t<div class=\"elementor-image-box-wrapper\"><figure class=\"elementor-image-box-img\"><img loading=\"lazy\" decoding=\"async\" width=\"300\" height=\"83\" src=\"https:\/\/neoabc.com.br\/novo-site\/wp-content\/uploads\/2024\/09\/escura-300x83.png\" class=\"attachment-medium size-medium wp-image-4905\" alt=\"\" srcset=\"https:\/\/neoabc.com.br\/novo-site\/wp-content\/uploads\/2024\/09\/escura-300x83.png 300w, https:\/\/neoabc.com.br\/novo-site\/wp-content\/uploads\/2024\/09\/escura.png 503w\" sizes=\"(max-width: 300px) 100vw, 300px\" \/><\/figure><div class=\"elementor-image-box-content\"><h3 class=\"elementor-image-box-title\">LOCA\u00c7\u00c3O<\/h3><p class=\"elementor-image-box-description\">SEM DISPONIBILIDADE <\/p><\/div><\/div>\t\t\t\t<\/div>\n\t\t\t\t<\/div>\n\t\t\t\t<\/div>\n\t\t\t\t\t<\/div>\n\t\t\t\t<\/div>\n\t\t\t\t<\/div>\n\t\t","protected":false},"excerpt":{"rendered":"<p>Consulte a disponibilidades das unidades de cada um dos nossos im\u00f3veis, com pre\u00e7os e condi\u00e7\u00f5es de pagamento. Flats a partir de 25 m2, \u00e0 beira-mar do Bessa Flats a partir de 26 m2, em Tamba\u00fa Aptos a partir de 77m2 com 2 quartos Aptos a partir de 64m2, no Altiplano Aptos a partir de 116m2 [&hellip;]<\/p>\n","protected":false},"author":1,"featured_media":0,"parent":0,"menu_order":0,"comment_status":"closed","ping_status":"closed","template":"elementor_header_footer","meta":{"_acf_changed":false,"_eb_attr":"","footnotes":""},"class_list":["post-627","page","type-page","status-publish","hentry"],"acf":[],"aioseo_notices":[],"_links":{"self":[{"href":"https:\/\/neoabc.com.br\/novo-site\/wp-json\/wp\/v2\/pages\/627","targetHints":{"allow":["GET"]}}],"collection":[{"href":"https:\/\/neoabc.com.br\/novo-site\/wp-json\/wp\/v2\/pages"}],"about":[{"href":"https:\/\/neoabc.com.br\/novo-site\/wp-json\/wp\/v2\/types\/page"}],"author":[{"embeddable":true,"href":"https:\/\/neoabc.com.br\/novo-site\/wp-json\/wp\/v2\/users\/1"}],"replies":[{"embeddable":true,"href":"https:\/\/neoabc.com.br\/novo-site\/wp-json\/wp\/v2\/comments?post=627"}],"version-history":[{"count":125,"href":"https:\/\/neoabc.com.br\/novo-site\/wp-json\/wp\/v2\/pages\/627\/revisions"}],"predecessor-version":[{"id":5841,"href":"https:\/\/neoabc.com.br\/novo-site\/wp-json\/wp\/v2\/pages\/627\/revisions\/5841"}],"wp:attachment":[{"href":"https:\/\/neoabc.com.br\/novo-site\/wp-json\/wp\/v2\/media?parent=627"}],"curies":[{"name":"wp","href":"https:\/\/api.w.org\/{rel}","templated":true}]}}