{"id":638,"date":"2024-01-09T23:24:14","date_gmt":"2024-01-09T23:24:14","guid":{"rendered":"https:\/\/themejunction.net\/wp\/beauly\/?page_id=638"},"modified":"2025-01-27T16:11:28","modified_gmt":"2025-01-27T19:11:28","slug":"area-corretores","status":"publish","type":"page","link":"https:\/\/neoabc.com.br\/novo-site\/area-corretores\/","title":{"rendered":"\u00c1rea para corretores"},"content":{"rendered":"\t\t<div data-elementor-type=\"wp-page\" data-elementor-id=\"638\" class=\"elementor elementor-638\">\n\t\t\t\t<div class=\"elementor-element elementor-element-58f7db4 e-flex e-con-boxed e-con e-parent\" data-id=\"58f7db4\" data-element_type=\"container\" data-e-type=\"container\">\n\t\t\t\t\t<div class=\"e-con-inner\">\n\t\t\t\t<div class=\"elementor-element elementor-element-38a759a elementor-widget__width-initial tj_section_align elementor-align-center elementor-widget elementor-widget-tj-section-title\" data-id=\"38a759a\" data-element_type=\"widget\" data-e-type=\"widget\" data-widget_type=\"tj-section-title.default\">\n\t\t\t\t<div class=\"elementor-widget-container\">\n\t\t\t\t\t\r\n<div class=\"section-heading\">\r\n\r\n  \r\n  \r\n      <div class=\"desc wow fadeInUp\" data-wow-delay=\"0.5s\">\r\n      <p>Facilitamos o seu trabalho, disponibilizando aqui tabelas, books e imagens dos nossos im\u00f3veis disponiveis.<\/p>    <\/div>\r\n  \r\n  <\/div>\r\n\r\n\t\t\t\t<\/div>\n\t\t\t\t<\/div>\n\t\t\t\t\t<\/div>\n\t\t\t\t<\/div>\n\t\t<div class=\"elementor-element elementor-element-516d61f e-grid e-con-boxed e-con e-parent\" data-id=\"516d61f\" data-element_type=\"container\" data-e-type=\"container\">\n\t\t\t\t\t<div class=\"e-con-inner\">\n\t\t<div class=\"elementor-element elementor-element-372438b e-con-full e-flex e-con e-child\" data-id=\"372438b\" data-element_type=\"container\" data-e-type=\"container\">\n\t\t\t\t<div class=\"elementor-element elementor-element-6d58da9 elementor-widget elementor-widget-tj-image-box\" data-id=\"6d58da9\" data-element_type=\"widget\" data-e-type=\"widget\" data-widget_type=\"tj-image-box.default\">\n\t\t\t\t<div class=\"elementor-widget-container\">\n\t\t\t\t\t\r\n    <div class=\"cover-wrap wow fadeInUp\" data-wow-delay=\"0.5s\">\r\n      <div class=\"cover-item\">\r\n        <div class=\"cover-img w-img\">\r\n          <img decoding=\"async\" src=\"https:\/\/neoabc.com.br\/novo-site\/wp-content\/uploads\/2024\/09\/FACHADA-01.jpg\" alt=\"\" \/>\r\n\r\n                      <div class=\"cover-content wow zoomIn\" data-wow-delay=\".5s\">\r\n              <h3 class=\"cover-title\">Bliss Bessa<\/h3>            <\/div>\r\n          \r\n        <\/div>\r\n      <\/div>\r\n    <\/div>\r\n\r\n\t\t\t\t<\/div>\n\t\t\t\t<\/div>\n\t\t<div class=\"elementor-element elementor-element-4f8d0a0 e-grid e-con-full e-con e-child\" data-id=\"4f8d0a0\" data-element_type=\"container\" data-e-type=\"container\">\n\t\t\t\t<div class=\"elementor-element elementor-element-1ed833f elementor-widget elementor-widget-tj-download\" data-id=\"1ed833f\" data-element_type=\"widget\" data-e-type=\"widget\" data-widget_type=\"tj-download.default\">\n\t\t\t\t<div class=\"elementor-widget-container\">\n\t\t\t\t\t    <div class=\"pdf-box\" >\r\n\r\n              <a target=\"_blank\" href=\"https:\/\/neoabc.com.br\/novo-site\/wp-content\/uploads\/2024\/12\/book_BlissBessa.pdf\" download>\r\n                      <i aria-hidden=\"true\" class=\"fas fa-book-open fa-solid\"><\/i>          \r\n                      <div class=\"pdf-content\">\r\n              <h3>Book Digital<\/h3>\r\n            <\/div>\r\n                  <\/a>\r\n          <\/div>\r\n\r\n\r\n\t\t\t\t<\/div>\n\t\t\t\t<\/div>\n\t\t\t\t<div class=\"elementor-element elementor-element-83b27d4 elementor-widget elementor-widget-button\" data-id=\"83b27d4\" data-element_type=\"widget\" data-e-type=\"widget\" data-widget_type=\"button.default\">\n\t\t\t\t<div class=\"elementor-widget-container\">\n\t\t\t\t\t\t\t\t\t<div class=\"elementor-button-wrapper\">\n\t\t\t\t\t<a class=\"elementor-button elementor-button-link elementor-size-sm\" href=\"\/tabs\/tab_bliss-bessa.pdf\" target=\"_blank\">\n\t\t\t\t\t\t<span class=\"elementor-button-content-wrapper\">\n\t\t\t\t\t\t\t\t\t<span class=\"elementor-button-text\">Tabela de pre\u00e7os<\/span>\n\t\t\t\t\t<\/span>\n\t\t\t\t\t<\/a>\n\t\t\t\t<\/div>\n\t\t\t\t\t\t\t\t<\/div>\n\t\t\t\t<\/div>\n\t\t\t\t<\/div>\n\t\t\t\t<\/div>\n\t\t<div class=\"elementor-element elementor-element-b557a7b e-con-full e-flex e-con e-child\" data-id=\"b557a7b\" data-element_type=\"container\" data-e-type=\"container\">\n\t\t\t\t<div class=\"elementor-element elementor-element-647f990 elementor-widget__width-inherit elementor-widget elementor-widget-tj-image-box\" data-id=\"647f990\" data-element_type=\"widget\" data-e-type=\"widget\" data-widget_type=\"tj-image-box.default\">\n\t\t\t\t<div class=\"elementor-widget-container\">\n\t\t\t\t\t\r\n    <div class=\"cover-wrap wow fadeInUp\" data-wow-delay=\"0.5s\">\r\n      <div class=\"cover-item\">\r\n        <div class=\"cover-img w-img\">\r\n          <img decoding=\"async\" src=\"https:\/\/neoabc.com.br\/novo-site\/wp-content\/uploads\/2024\/01\/SLIDEBLISS-e1717607803890.jpg\" alt=\"\" \/>\r\n\r\n                      <div class=\"cover-content wow zoomIn\" data-wow-delay=\".5s\">\r\n              <h3 class=\"cover-title\">Bliss Navegantes<\/h3>            <\/div>\r\n          \r\n        <\/div>\r\n      <\/div>\r\n    <\/div>\r\n\r\n\t\t\t\t<\/div>\n\t\t\t\t<\/div>\n\t\t<div class=\"elementor-element elementor-element-3a55ad1 e-grid e-con-full e-con e-child\" data-id=\"3a55ad1\" data-element_type=\"container\" data-e-type=\"container\">\n\t\t\t\t<div class=\"elementor-element elementor-element-0b4025b elementor-widget elementor-widget-tj-download\" data-id=\"0b4025b\" data-element_type=\"widget\" data-e-type=\"widget\" data-widget_type=\"tj-download.default\">\n\t\t\t\t<div class=\"elementor-widget-container\">\n\t\t\t\t\t    <div class=\"pdf-box\" >\r\n\r\n              <a target=\"_blank\" href=\"https:\/\/neoabc.com.br\/novo-site\/wp-content\/uploads\/2024\/12\/book_BlissTambau.pdf\" download>\r\n                      <i aria-hidden=\"true\" class=\"fas fa-book-open fa-solid\"><\/i>          \r\n                      <div class=\"pdf-content\">\r\n              <h3>Book Digital<\/h3>\r\n            <\/div>\r\n                  <\/a>\r\n          <\/div>\r\n\r\n\r\n\t\t\t\t<\/div>\n\t\t\t\t<\/div>\n\t\t\t\t<div class=\"elementor-element elementor-element-840c11d elementor-widget elementor-widget-button\" data-id=\"840c11d\" data-element_type=\"widget\" data-e-type=\"widget\" data-widget_type=\"button.default\">\n\t\t\t\t<div class=\"elementor-widget-container\">\n\t\t\t\t\t\t\t\t\t<div class=\"elementor-button-wrapper\">\n\t\t\t\t\t<a class=\"elementor-button elementor-button-link elementor-size-sm\" href=\"\/tabs\/TAB_BLISS.pdf\" target=\"_blank\">\n\t\t\t\t\t\t<span class=\"elementor-button-content-wrapper\">\n\t\t\t\t\t\t\t\t\t<span class=\"elementor-button-text\">Tabela de pre\u00e7os<\/span>\n\t\t\t\t\t<\/span>\n\t\t\t\t\t<\/a>\n\t\t\t\t<\/div>\n\t\t\t\t\t\t\t\t<\/div>\n\t\t\t\t<\/div>\n\t\t\t\t<\/div>\n\t\t\t\t<\/div>\n\t\t<div class=\"elementor-element elementor-element-f325a44 e-con-full e-flex e-con e-child\" data-id=\"f325a44\" data-element_type=\"container\" data-e-type=\"container\">\n\t\t\t\t<div class=\"elementor-element elementor-element-0fa4905 elementor-widget elementor-widget-tj-image-box\" data-id=\"0fa4905\" data-element_type=\"widget\" data-e-type=\"widget\" data-widget_type=\"tj-image-box.default\">\n\t\t\t\t<div class=\"elementor-widget-container\">\n\t\t\t\t\t\r\n    <div class=\"cover-wrap wow fadeInUp\" data-wow-delay=\"0.5s\">\r\n      <div class=\"cover-item\">\r\n        <div class=\"cover-img w-img\">\r\n          <img decoding=\"async\" src=\"https:\/\/neoabc.com.br\/novo-site\/wp-content\/uploads\/2024\/05\/SLIDECOSTERO-e1717664620252.jpg\" alt=\"\" \/>\r\n\r\n                      <div class=\"cover-content wow zoomIn\" data-wow-delay=\".5s\">\r\n              <h3 class=\"cover-title\">Costero<\/h3>            <\/div>\r\n          \r\n        <\/div>\r\n      <\/div>\r\n    <\/div>\r\n\r\n\t\t\t\t<\/div>\n\t\t\t\t<\/div>\n\t\t<div class=\"elementor-element elementor-element-6c20dad e-grid e-con-full e-con e-child\" data-id=\"6c20dad\" data-element_type=\"container\" data-e-type=\"container\">\n\t\t\t\t<div class=\"elementor-element elementor-element-d317dc5 elementor-widget elementor-widget-tj-download\" data-id=\"d317dc5\" data-element_type=\"widget\" data-e-type=\"widget\" data-widget_type=\"tj-download.default\">\n\t\t\t\t<div class=\"elementor-widget-container\">\n\t\t\t\t\t    <div class=\"pdf-box\" >\r\n\r\n              <a target=\"_blank\" href=\"https:\/\/neoabc.com.br\/novo-site\/wp-content\/uploads\/2024\/12\/book_Costero.pdf\" download>\r\n                      <i aria-hidden=\"true\" class=\"fas fa-book-open fa-solid\"><\/i>          \r\n                      <div class=\"pdf-content\">\r\n              <h3>Book Digital<\/h3>\r\n            <\/div>\r\n                  <\/a>\r\n          <\/div>\r\n\r\n\r\n\t\t\t\t<\/div>\n\t\t\t\t<\/div>\n\t\t\t\t<div class=\"elementor-element elementor-element-c626303 elementor-widget elementor-widget-button\" data-id=\"c626303\" data-element_type=\"widget\" data-e-type=\"widget\" data-widget_type=\"button.default\">\n\t\t\t\t<div class=\"elementor-widget-container\">\n\t\t\t\t\t\t\t\t\t<div class=\"elementor-button-wrapper\">\n\t\t\t\t\t<a class=\"elementor-button elementor-button-link elementor-size-sm\" href=\"\/tabs\/tab_costero.pdf\" target=\"_blank\">\n\t\t\t\t\t\t<span class=\"elementor-button-content-wrapper\">\n\t\t\t\t\t\t\t\t\t<span class=\"elementor-button-text\">Tabela de pre\u00e7os<\/span>\n\t\t\t\t\t<\/span>\n\t\t\t\t\t<\/a>\n\t\t\t\t<\/div>\n\t\t\t\t\t\t\t\t<\/div>\n\t\t\t\t<\/div>\n\t\t\t\t<\/div>\n\t\t\t\t<\/div>\n\t\t<div class=\"elementor-element elementor-element-4b47ba8 e-con-full e-flex e-con e-child\" data-id=\"4b47ba8\" data-element_type=\"container\" data-e-type=\"container\">\n\t\t\t\t<div class=\"elementor-element elementor-element-ae93630 elementor-widget elementor-widget-tj-image-box\" data-id=\"ae93630\" data-element_type=\"widget\" data-e-type=\"widget\" data-widget_type=\"tj-image-box.default\">\n\t\t\t\t<div class=\"elementor-widget-container\">\n\t\t\t\t\t\r\n    <div class=\"cover-wrap wow fadeInUp\" data-wow-delay=\"0.5s\">\r\n      <div class=\"cover-item\">\r\n        <div class=\"cover-img w-img\">\r\n          <img decoding=\"async\" src=\"https:\/\/neoabc.com.br\/novo-site\/wp-content\/uploads\/2024\/07\/Screenshot_2024-08-21-12-59-07-045_com.android.chrome-e1724259662662.jpg\" alt=\"\" \/>\r\n\r\n                      <div class=\"cover-content wow zoomIn\" data-wow-delay=\".5s\">\r\n              <h3 class=\"cover-title\">Armorial<\/h3>            <\/div>\r\n          \r\n        <\/div>\r\n      <\/div>\r\n    <\/div>\r\n\r\n\t\t\t\t<\/div>\n\t\t\t\t<\/div>\n\t\t<div class=\"elementor-element elementor-element-8199908 e-grid e-con-full e-con e-child\" data-id=\"8199908\" data-element_type=\"container\" data-e-type=\"container\">\n\t\t\t\t<div class=\"elementor-element elementor-element-2bbea79 elementor-widget elementor-widget-tj-download\" data-id=\"2bbea79\" data-element_type=\"widget\" data-e-type=\"widget\" data-widget_type=\"tj-download.default\">\n\t\t\t\t<div class=\"elementor-widget-container\">\n\t\t\t\t\t    <div class=\"pdf-box\" >\r\n\r\n              <a target=\"_blank\" href=\"https:\/\/neoabc.com.br\/novo-site\/wp-content\/uploads\/2024\/12\/book_Armorial.pdf\" download>\r\n                      <i aria-hidden=\"true\" class=\"fas fa-book-open fa-solid\"><\/i>          \r\n                      <div class=\"pdf-content\">\r\n              <h3>Book Digital<\/h3>\r\n            <\/div>\r\n                  <\/a>\r\n          <\/div>\r\n\r\n\r\n\t\t\t\t<\/div>\n\t\t\t\t<\/div>\n\t\t\t\t<div class=\"elementor-element elementor-element-d9a8c6b elementor-widget elementor-widget-button\" data-id=\"d9a8c6b\" data-element_type=\"widget\" data-e-type=\"widget\" data-widget_type=\"button.default\">\n\t\t\t\t<div class=\"elementor-widget-container\">\n\t\t\t\t\t\t\t\t\t<div class=\"elementor-button-wrapper\">\n\t\t\t\t\t<a class=\"elementor-button elementor-button-link elementor-size-sm\" href=\"\/tabs\/tab_armorial.pdf\" target=\"_blank\">\n\t\t\t\t\t\t<span class=\"elementor-button-content-wrapper\">\n\t\t\t\t\t\t\t\t\t<span class=\"elementor-button-text\">Tabela de pre\u00e7os<\/span>\n\t\t\t\t\t<\/span>\n\t\t\t\t\t<\/a>\n\t\t\t\t<\/div>\n\t\t\t\t\t\t\t\t<\/div>\n\t\t\t\t<\/div>\n\t\t\t\t<\/div>\n\t\t\t\t<\/div>\n\t\t<div class=\"elementor-element elementor-element-bbe780c e-con-full e-flex e-con e-child\" data-id=\"bbe780c\" data-element_type=\"container\" data-e-type=\"container\">\n\t\t\t\t<div class=\"elementor-element elementor-element-7869919 elementor-widget elementor-widget-tj-image-box\" data-id=\"7869919\" data-element_type=\"widget\" data-e-type=\"widget\" data-widget_type=\"tj-image-box.default\">\n\t\t\t\t<div class=\"elementor-widget-container\">\n\t\t\t\t\t\r\n    <div class=\"cover-wrap wow fadeInUp\" data-wow-delay=\"0.5s\">\r\n      <div class=\"cover-item\">\r\n        <div class=\"cover-img w-img\">\r\n          <img decoding=\"async\" src=\"https:\/\/neoabc.com.br\/novo-site\/wp-content\/uploads\/2024\/07\/SLIDEARVOREDO-e1725230400949.jpg\" alt=\"\" \/>\r\n\r\n                      <div class=\"cover-content wow zoomIn\" data-wow-delay=\".5s\">\r\n              <h3 class=\"cover-title\">Arvoredo<\/h3>            <\/div>\r\n          \r\n        <\/div>\r\n      <\/div>\r\n    <\/div>\r\n\r\n\t\t\t\t<\/div>\n\t\t\t\t<\/div>\n\t\t<div class=\"elementor-element elementor-element-5a562b3 e-grid e-con-full e-con e-child\" data-id=\"5a562b3\" data-element_type=\"container\" data-e-type=\"container\">\n\t\t\t\t<div class=\"elementor-element elementor-element-51d5432 elementor-widget elementor-widget-tj-download\" data-id=\"51d5432\" data-element_type=\"widget\" data-e-type=\"widget\" data-widget_type=\"tj-download.default\">\n\t\t\t\t<div class=\"elementor-widget-container\">\n\t\t\t\t\t    <div class=\"pdf-box\" >\r\n\r\n              <a target=\"_blank\" href=\"https:\/\/neoabc.com.br\/novo-site\/wp-content\/uploads\/2024\/12\/book_Arvoredo.pdf\" download>\r\n                      <i aria-hidden=\"true\" class=\"fas fa-book-open fa-solid\"><\/i>          \r\n                      <div class=\"pdf-content\">\r\n              <h3>Book Digital<\/h3>\r\n            <\/div>\r\n                  <\/a>\r\n          <\/div>\r\n\r\n\r\n\t\t\t\t<\/div>\n\t\t\t\t<\/div>\n\t\t\t\t<div class=\"elementor-element elementor-element-5f3252e elementor-widget elementor-widget-button\" data-id=\"5f3252e\" data-element_type=\"widget\" data-e-type=\"widget\" data-widget_type=\"button.default\">\n\t\t\t\t<div class=\"elementor-widget-container\">\n\t\t\t\t\t\t\t\t\t<div class=\"elementor-button-wrapper\">\n\t\t\t\t\t<a class=\"elementor-button elementor-button-link elementor-size-sm\" href=\"\/tabs\/tab_arvoredo.pdf\" target=\"_blank\">\n\t\t\t\t\t\t<span class=\"elementor-button-content-wrapper\">\n\t\t\t\t\t\t\t\t\t<span class=\"elementor-button-text\">Tabela de pre\u00e7os<\/span>\n\t\t\t\t\t<\/span>\n\t\t\t\t\t<\/a>\n\t\t\t\t<\/div>\n\t\t\t\t\t\t\t\t<\/div>\n\t\t\t\t<\/div>\n\t\t\t\t<\/div>\n\t\t\t\t<\/div>\n\t\t<div class=\"elementor-element elementor-element-6f5f4e9 e-con-full e-flex e-con e-child\" data-id=\"6f5f4e9\" data-element_type=\"container\" data-e-type=\"container\">\n\t\t\t\t<div class=\"elementor-element elementor-element-e52c8f9 elementor-widget elementor-widget-tj-image-box\" data-id=\"e52c8f9\" data-element_type=\"widget\" data-e-type=\"widget\" data-widget_type=\"tj-image-box.default\">\n\t\t\t\t<div class=\"elementor-widget-container\">\n\t\t\t\t\t\r\n    <div class=\"cover-wrap wow fadeInUp\" data-wow-delay=\"0.5s\">\r\n      <div class=\"cover-item\">\r\n        <div class=\"cover-img w-img\">\r\n          <img decoding=\"async\" src=\"https:\/\/neoabc.com.br\/novo-site\/wp-content\/uploads\/2024\/09\/AEREA-PARCIAL.jpg\" alt=\"\" \/>\r\n\r\n                      <div class=\"cover-content wow zoomIn\" data-wow-delay=\".5s\">\r\n              <h3 class=\"cover-title\">Bosque do Sol<\/h3>            <\/div>\r\n          \r\n        <\/div>\r\n      <\/div>\r\n    <\/div>\r\n\r\n\t\t\t\t<\/div>\n\t\t\t\t<\/div>\n\t\t<div class=\"elementor-element elementor-element-7815acf e-grid e-con-full e-con e-child\" data-id=\"7815acf\" data-element_type=\"container\" data-e-type=\"container\">\n\t\t\t\t<div class=\"elementor-element elementor-element-51bf7fb elementor-widget elementor-widget-tj-download\" data-id=\"51bf7fb\" data-element_type=\"widget\" data-e-type=\"widget\" data-widget_type=\"tj-download.default\">\n\t\t\t\t<div class=\"elementor-widget-container\">\n\t\t\t\t\t    <div class=\"pdf-box\" >\r\n\r\n              <a target=\"_blank\" href=\"https:\/\/neoabc.com.br\/novo-site\/wp-content\/uploads\/2024\/12\/book_BosqueSol-1.pdf\" download>\r\n                      <i aria-hidden=\"true\" class=\"fas fa-book-open fa-solid\"><\/i>          \r\n                      <div class=\"pdf-content\">\r\n              <h3>Book Digital<\/h3>\r\n            <\/div>\r\n                  <\/a>\r\n          <\/div>\r\n\r\n\r\n\t\t\t\t<\/div>\n\t\t\t\t<\/div>\n\t\t\t\t<div class=\"elementor-element elementor-element-fde8b29 elementor-widget elementor-widget-button\" data-id=\"fde8b29\" data-element_type=\"widget\" data-e-type=\"widget\" data-widget_type=\"button.default\">\n\t\t\t\t<div class=\"elementor-widget-container\">\n\t\t\t\t\t\t\t\t\t<div class=\"elementor-button-wrapper\">\n\t\t\t\t\t<a class=\"elementor-button elementor-button-link elementor-size-sm\" href=\"\/tabs\/tab_bosquedosol.pdf\" target=\"_blank\">\n\t\t\t\t\t\t<span class=\"elementor-button-content-wrapper\">\n\t\t\t\t\t\t\t\t\t<span class=\"elementor-button-text\">Tabela de pre\u00e7os<\/span>\n\t\t\t\t\t<\/span>\n\t\t\t\t\t<\/a>\n\t\t\t\t<\/div>\n\t\t\t\t\t\t\t\t<\/div>\n\t\t\t\t<\/div>\n\t\t\t\t<\/div>\n\t\t\t\t<\/div>\n\t\t<div class=\"elementor-element elementor-element-5e73c57 e-con-full e-flex e-con e-child\" data-id=\"5e73c57\" data-element_type=\"container\" data-e-type=\"container\">\n\t\t\t\t<div class=\"elementor-element elementor-element-2fffea1 elementor-widget elementor-widget-tj-image-box\" data-id=\"2fffea1\" data-element_type=\"widget\" data-e-type=\"widget\" data-widget_type=\"tj-image-box.default\">\n\t\t\t\t<div class=\"elementor-widget-container\">\n\t\t\t\t\t\r\n    <div class=\"cover-wrap wow fadeInUp\" data-wow-delay=\"0.5s\">\r\n      <div class=\"cover-item\">\r\n        <div class=\"cover-img w-img\">\r\n          <img decoding=\"async\" src=\"https:\/\/neoabc.com.br\/novo-site\/wp-content\/uploads\/2024\/10\/cropped-logo-fundo-azul.jpg\" alt=\"\" \/>\r\n\r\n                      <div class=\"cover-content wow zoomIn\" data-wow-delay=\".5s\">\r\n              <h3 class=\"cover-title\">Avulsos Venda<\/h3>            <\/div>\r\n          \r\n        <\/div>\r\n      <\/div>\r\n    <\/div>\r\n\r\n\t\t\t\t<\/div>\n\t\t\t\t<\/div>\n\t\t<div class=\"elementor-element elementor-element-2ddf62d e-con-full e-flex e-con e-child\" data-id=\"2ddf62d\" data-element_type=\"container\" data-e-type=\"container\">\n\t\t\t\t<div class=\"elementor-element elementor-element-a5cb521 elementor-widget elementor-widget-button\" data-id=\"a5cb521\" data-element_type=\"widget\" data-e-type=\"widget\" data-widget_type=\"button.default\">\n\t\t\t\t<div class=\"elementor-widget-container\">\n\t\t\t\t\t\t\t\t\t<div class=\"elementor-button-wrapper\">\n\t\t\t\t\t<a class=\"elementor-button elementor-button-link elementor-size-sm\" href=\"\/tabs\/tab_avulsos.pdf\" target=\"_blank\">\n\t\t\t\t\t\t<span class=\"elementor-button-content-wrapper\">\n\t\t\t\t\t\t\t\t\t<span class=\"elementor-button-text\">Tabela de pre\u00e7os<\/span>\n\t\t\t\t\t<\/span>\n\t\t\t\t\t<\/a>\n\t\t\t\t<\/div>\n\t\t\t\t\t\t\t\t<\/div>\n\t\t\t\t<\/div>\n\t\t\t\t<\/div>\n\t\t\t\t<\/div>\n\t\t<div class=\"elementor-element elementor-element-a307262 e-con-full e-flex e-con e-child\" data-id=\"a307262\" data-element_type=\"container\" data-e-type=\"container\">\n\t\t\t\t<div class=\"elementor-element elementor-element-75e40d9 elementor-widget elementor-widget-tj-image-box\" data-id=\"75e40d9\" data-element_type=\"widget\" data-e-type=\"widget\" data-widget_type=\"tj-image-box.default\">\n\t\t\t\t<div class=\"elementor-widget-container\">\n\t\t\t\t\t\r\n    <div class=\"cover-wrap wow fadeInUp\" data-wow-delay=\"0.5s\">\r\n      <div class=\"cover-item\">\r\n        <div class=\"cover-img w-img\">\r\n          <img decoding=\"async\" src=\"https:\/\/neoabc.com.br\/novo-site\/wp-content\/uploads\/2024\/10\/cropped-logo-fundo-azul.jpg\" alt=\"\" \/>\r\n\r\n                      <div class=\"cover-content wow zoomIn\" data-wow-delay=\".5s\">\r\n              <h3 class=\"cover-title\">Avulsos Loca\u00e7\u00e3o<\/h3>            <\/div>\r\n          \r\n        <\/div>\r\n      <\/div>\r\n    <\/div>\r\n\r\n\t\t\t\t<\/div>\n\t\t\t\t<\/div>\n\t\t<div class=\"elementor-element elementor-element-98fd8fe e-con-full e-flex e-con e-child\" data-id=\"98fd8fe\" data-element_type=\"container\" data-e-type=\"container\">\n\t\t\t\t<div class=\"elementor-element elementor-element-fb43cc5 elementor-widget elementor-widget-button\" data-id=\"fb43cc5\" data-element_type=\"widget\" data-e-type=\"widget\" data-widget_type=\"button.default\">\n\t\t\t\t<div class=\"elementor-widget-container\">\n\t\t\t\t\t\t\t\t\t<div class=\"elementor-button-wrapper\">\n\t\t\t\t\t<a class=\"elementor-button elementor-button-link elementor-size-sm\" href=\"\/tabs\/tab_avulsos_locacao.pdf\" target=\"_blank\">\n\t\t\t\t\t\t<span class=\"elementor-button-content-wrapper\">\n\t\t\t\t\t\t\t\t\t<span class=\"elementor-button-text\">Tabela de pre\u00e7os<\/span>\n\t\t\t\t\t<\/span>\n\t\t\t\t\t<\/a>\n\t\t\t\t<\/div>\n\t\t\t\t\t\t\t\t<\/div>\n\t\t\t\t<\/div>\n\t\t\t\t<\/div>\n\t\t\t\t<\/div>\n\t\t\t\t\t<\/div>\n\t\t\t\t<\/div>\n\t\t\t\t<\/div>\n\t\t","protected":false},"excerpt":{"rendered":"<p>Facilitamos o seu trabalho, disponibilizando aqui tabelas, books e imagens dos nossos im\u00f3veis disponiveis. Bliss Bessa Book Digital Tabela de pre\u00e7os Bliss Navegantes Book Digital Tabela de pre\u00e7os Costero Book Digital Tabela de pre\u00e7os Armorial Book Digital Tabela de pre\u00e7os Arvoredo Book Digital Tabela de pre\u00e7os Bosque do Sol Book Digital Tabela de pre\u00e7os Avulsos [&hellip;]<\/p>\n","protected":false},"author":1,"featured_media":0,"parent":0,"menu_order":0,"comment_status":"closed","ping_status":"closed","template":"elementor_header_footer","meta":{"_acf_changed":false,"_eb_attr":"","footnotes":""},"class_list":["post-638","page","type-page","status-publish","hentry"],"acf":[],"aioseo_notices":[],"_links":{"self":[{"href":"https:\/\/neoabc.com.br\/novo-site\/wp-json\/wp\/v2\/pages\/638","targetHints":{"allow":["GET"]}}],"collection":[{"href":"https:\/\/neoabc.com.br\/novo-site\/wp-json\/wp\/v2\/pages"}],"about":[{"href":"https:\/\/neoabc.com.br\/novo-site\/wp-json\/wp\/v2\/types\/page"}],"author":[{"embeddable":true,"href":"https:\/\/neoabc.com.br\/novo-site\/wp-json\/wp\/v2\/users\/1"}],"replies":[{"embeddable":true,"href":"https:\/\/neoabc.com.br\/novo-site\/wp-json\/wp\/v2\/comments?post=638"}],"version-history":[{"count":46,"href":"https:\/\/neoabc.com.br\/novo-site\/wp-json\/wp\/v2\/pages\/638\/revisions"}],"predecessor-version":[{"id":5342,"href":"https:\/\/neoabc.com.br\/novo-site\/wp-json\/wp\/v2\/pages\/638\/revisions\/5342"}],"wp:attachment":[{"href":"https:\/\/neoabc.com.br\/novo-site\/wp-json\/wp\/v2\/media?parent=638"}],"curies":[{"name":"wp","href":"https:\/\/api.w.org\/{rel}","templated":true}]}}